{"id":118,"date":"2022-11-08T13:56:51","date_gmt":"2022-11-08T12:56:51","guid":{"rendered":"https:\/\/w2050-belleplagne.com\/?page_id=118"},"modified":"2023-06-12T15:14:51","modified_gmt":"2023-06-12T13:14:51","slug":"for-4-to-6-people-sauna-and-nordic-bath","status":"publish","type":"page","link":"https:\/\/w2050-belleplagne.com\/en\/apartments\/for-4-to-6-people-sauna-and-nordic-bath\/","title":{"rendered":"For 4 to 6 people Sauna and Nordic bath"},"content":{"rendered":"<p><img loading=\"lazy\" decoding=\"async\" class=\"alignnone size-medium wp-image-185\" src=\"https:\/\/w2050-belleplagne.com\/wp-content\/uploads\/sites\/477\/2023\/06\/W2050_ARTPRISM31-300x169.jpg\" alt=\"\" width=\"300\" height=\"169\" srcset=\"https:\/\/w2050-belleplagne.com\/wp-content\/uploads\/sites\/477\/2023\/06\/W2050_ARTPRISM31-300x169.jpg 300w, https:\/\/w2050-belleplagne.com\/wp-content\/uploads\/sites\/477\/2023\/06\/W2050_ARTPRISM31-1024x576.jpg 1024w, https:\/\/w2050-belleplagne.com\/wp-content\/uploads\/sites\/477\/2023\/06\/W2050_ARTPRISM31-768x432.jpg 768w, https:\/\/w2050-belleplagne.com\/wp-content\/uploads\/sites\/477\/2023\/06\/W2050_ARTPRISM31-600x338.jpg 600w, https:\/\/w2050-belleplagne.com\/wp-content\/uploads\/sites\/477\/2023\/06\/W2050_ARTPRISM31-1000x563.jpg 1000w, https:\/\/w2050-belleplagne.com\/wp-content\/uploads\/sites\/477\/2023\/06\/W2050_ARTPRISM31.jpg 1200w\" sizes=\"auto, (max-width: 300px) 100vw, 300px\" \/> <img loading=\"lazy\" decoding=\"async\" class=\"alignnone size-medium wp-image-184\" src=\"https:\/\/w2050-belleplagne.com\/wp-content\/uploads\/sites\/477\/2023\/06\/W2050_ARTPRISM28-300x169.jpg\" alt=\"\" width=\"300\" height=\"169\" srcset=\"https:\/\/w2050-belleplagne.com\/wp-content\/uploads\/sites\/477\/2023\/06\/W2050_ARTPRISM28-300x169.jpg 300w, https:\/\/w2050-belleplagne.com\/wp-content\/uploads\/sites\/477\/2023\/06\/W2050_ARTPRISM28-1024x576.jpg 1024w, https:\/\/w2050-belleplagne.com\/wp-content\/uploads\/sites\/477\/2023\/06\/W2050_ARTPRISM28-768x432.jpg 768w, https:\/\/w2050-belleplagne.com\/wp-content\/uploads\/sites\/477\/2023\/06\/W2050_ARTPRISM28-600x338.jpg 600w, https:\/\/w2050-belleplagne.com\/wp-content\/uploads\/sites\/477\/2023\/06\/W2050_ARTPRISM28-1000x563.jpg 1000w, https:\/\/w2050-belleplagne.com\/wp-content\/uploads\/sites\/477\/2023\/06\/W2050_ARTPRISM28.jpg 1200w\" sizes=\"auto, (max-width: 300px) 100vw, 300px\" \/> <img loading=\"lazy\" decoding=\"async\" class=\"alignnone size-medium wp-image-180\" src=\"https:\/\/w2050-belleplagne.com\/wp-content\/uploads\/sites\/477\/2023\/03\/IMG_1570-225x300.jpg\" alt=\"\" width=\"225\" height=\"300\" srcset=\"https:\/\/w2050-belleplagne.com\/wp-content\/uploads\/sites\/477\/2023\/03\/IMG_1570-225x300.jpg 225w, https:\/\/w2050-belleplagne.com\/wp-content\/uploads\/sites\/477\/2023\/03\/IMG_1570-768x1024.jpg 768w, https:\/\/w2050-belleplagne.com\/wp-content\/uploads\/sites\/477\/2023\/03\/IMG_1570-600x800.jpg 600w, https:\/\/w2050-belleplagne.com\/wp-content\/uploads\/sites\/477\/2023\/03\/IMG_1570-rotated.jpg 900w\" sizes=\"auto, (max-width: 225px) 100vw, 225px\" \/> <img loading=\"lazy\" decoding=\"async\" class=\"alignnone size-medium wp-image-186\" src=\"https:\/\/w2050-belleplagne.com\/wp-content\/uploads\/sites\/477\/2023\/06\/W2050_ARTPRISM32-300x169.jpg\" alt=\"\" width=\"300\" height=\"169\" srcset=\"https:\/\/w2050-belleplagne.com\/wp-content\/uploads\/sites\/477\/2023\/06\/W2050_ARTPRISM32-300x169.jpg 300w, https:\/\/w2050-belleplagne.com\/wp-content\/uploads\/sites\/477\/2023\/06\/W2050_ARTPRISM32-1024x576.jpg 1024w, https:\/\/w2050-belleplagne.com\/wp-content\/uploads\/sites\/477\/2023\/06\/W2050_ARTPRISM32-768x432.jpg 768w, https:\/\/w2050-belleplagne.com\/wp-content\/uploads\/sites\/477\/2023\/06\/W2050_ARTPRISM32-600x338.jpg 600w, https:\/\/w2050-belleplagne.com\/wp-content\/uploads\/sites\/477\/2023\/06\/W2050_ARTPRISM32-1000x563.jpg 1000w, https:\/\/w2050-belleplagne.com\/wp-content\/uploads\/sites\/477\/2023\/06\/W2050_ARTPRISM32.jpg 1200w\" sizes=\"auto, (max-width: 300px) 100vw, 300px\" \/> <img loading=\"lazy\" decoding=\"async\" class=\"alignnone size-medium wp-image-187\" src=\"https:\/\/w2050-belleplagne.com\/wp-content\/uploads\/sites\/477\/2023\/06\/W2050_ARTPRISM33-300x169.jpg\" alt=\"\" width=\"300\" height=\"169\" srcset=\"https:\/\/w2050-belleplagne.com\/wp-content\/uploads\/sites\/477\/2023\/06\/W2050_ARTPRISM33-300x169.jpg 300w, https:\/\/w2050-belleplagne.com\/wp-content\/uploads\/sites\/477\/2023\/06\/W2050_ARTPRISM33-1024x576.jpg 1024w, https:\/\/w2050-belleplagne.com\/wp-content\/uploads\/sites\/477\/2023\/06\/W2050_ARTPRISM33-768x432.jpg 768w, https:\/\/w2050-belleplagne.com\/wp-content\/uploads\/sites\/477\/2023\/06\/W2050_ARTPRISM33-600x338.jpg 600w, https:\/\/w2050-belleplagne.com\/wp-content\/uploads\/sites\/477\/2023\/06\/W2050_ARTPRISM33-1000x563.jpg 1000w, https:\/\/w2050-belleplagne.com\/wp-content\/uploads\/sites\/477\/2023\/06\/W2050_ARTPRISM33.jpg 1200w\" sizes=\"auto, (max-width: 300px) 100vw, 300px\" \/> <img loading=\"lazy\" decoding=\"async\" class=\"alignnone size-medium wp-image-188\" src=\"https:\/\/w2050-belleplagne.com\/wp-content\/uploads\/sites\/477\/2023\/06\/W2050_ARTPRISM34-300x169.jpg\" alt=\"\" width=\"300\" height=\"169\" srcset=\"https:\/\/w2050-belleplagne.com\/wp-content\/uploads\/sites\/477\/2023\/06\/W2050_ARTPRISM34-300x169.jpg 300w, https:\/\/w2050-belleplagne.com\/wp-content\/uploads\/sites\/477\/2023\/06\/W2050_ARTPRISM34-1024x576.jpg 1024w, https:\/\/w2050-belleplagne.com\/wp-content\/uploads\/sites\/477\/2023\/06\/W2050_ARTPRISM34-768x432.jpg 768w, https:\/\/w2050-belleplagne.com\/wp-content\/uploads\/sites\/477\/2023\/06\/W2050_ARTPRISM34-600x338.jpg 600w, https:\/\/w2050-belleplagne.com\/wp-content\/uploads\/sites\/477\/2023\/06\/W2050_ARTPRISM34-1000x563.jpg 1000w, https:\/\/w2050-belleplagne.com\/wp-content\/uploads\/sites\/477\/2023\/06\/W2050_ARTPRISM34.jpg 1200w\" sizes=\"auto, (max-width: 300px) 100vw, 300px\" \/> <img loading=\"lazy\" decoding=\"async\" class=\"alignnone size-medium wp-image-182\" src=\"https:\/\/w2050-belleplagne.com\/wp-content\/uploads\/sites\/477\/2023\/06\/W2050_ARTPRISM25-300x169.jpg\" alt=\"\" width=\"300\" height=\"169\" srcset=\"https:\/\/w2050-belleplagne.com\/wp-content\/uploads\/sites\/477\/2023\/06\/W2050_ARTPRISM25-300x169.jpg 300w, https:\/\/w2050-belleplagne.com\/wp-content\/uploads\/sites\/477\/2023\/06\/W2050_ARTPRISM25-1024x576.jpg 1024w, https:\/\/w2050-belleplagne.com\/wp-content\/uploads\/sites\/477\/2023\/06\/W2050_ARTPRISM25-768x432.jpg 768w, https:\/\/w2050-belleplagne.com\/wp-content\/uploads\/sites\/477\/2023\/06\/W2050_ARTPRISM25-600x338.jpg 600w, https:\/\/w2050-belleplagne.com\/wp-content\/uploads\/sites\/477\/2023\/06\/W2050_ARTPRISM25-1000x563.jpg 1000w, https:\/\/w2050-belleplagne.com\/wp-content\/uploads\/sites\/477\/2023\/06\/W2050_ARTPRISM25.jpg 1200w\" sizes=\"auto, (max-width: 300px) 100vw, 300px\" \/> <img loading=\"lazy\" decoding=\"async\" class=\"alignnone size-medium wp-image-183\" src=\"https:\/\/w2050-belleplagne.com\/wp-content\/uploads\/sites\/477\/2023\/06\/W2050_ARTPRISM27-300x169.jpg\" alt=\"\" width=\"300\" height=\"169\" srcset=\"https:\/\/w2050-belleplagne.com\/wp-content\/uploads\/sites\/477\/2023\/06\/W2050_ARTPRISM27-300x169.jpg 300w, https:\/\/w2050-belleplagne.com\/wp-content\/uploads\/sites\/477\/2023\/06\/W2050_ARTPRISM27-1024x576.jpg 1024w, https:\/\/w2050-belleplagne.com\/wp-content\/uploads\/sites\/477\/2023\/06\/W2050_ARTPRISM27-768x432.jpg 768w, https:\/\/w2050-belleplagne.com\/wp-content\/uploads\/sites\/477\/2023\/06\/W2050_ARTPRISM27-600x338.jpg 600w, https:\/\/w2050-belleplagne.com\/wp-content\/uploads\/sites\/477\/2023\/06\/W2050_ARTPRISM27-1000x563.jpg 1000w, https:\/\/w2050-belleplagne.com\/wp-content\/uploads\/sites\/477\/2023\/06\/W2050_ARTPRISM27.jpg 1200w\" sizes=\"auto, (max-width: 300px) 100vw, 300px\" \/><\/p>\n","protected":false},"excerpt":{"rendered":"","protected":false},"author":15,"featured_media":183,"parent":116,"menu_order":50,"comment_status":"closed","ping_status":"closed","template":"template-single-room.php","meta":{"footnotes":""},"class_list":["post-118","page","type-page","status-publish","has-post-thumbnail","hentry"],"yoast_head":"<!-- This site is optimized with the Yoast SEO plugin v26.9 - https:\/\/yoast.com\/product\/yoast-seo-wordpress\/ -->\n<title>For 4 to 6 people Sauna and Nordic bath - W2050<\/title>\n<meta name=\"robots\" content=\"index, follow, max-snippet:-1, max-image-preview:large, max-video-preview:-1\" \/>\n<link rel=\"canonical\" href=\"https:\/\/w2050-belleplagne.com\/en\/apartments\/for-4-to-6-people-sauna-and-nordic-bath\/\" \/>\n<meta property=\"og:locale\" content=\"en_US\" \/>\n<meta property=\"og:type\" content=\"article\" \/>\n<meta property=\"og:title\" content=\"For 4 to 6 people Sauna and Nordic bath - W2050\" \/>\n<meta property=\"og:url\" content=\"https:\/\/w2050-belleplagne.com\/en\/apartments\/for-4-to-6-people-sauna-and-nordic-bath\/\" \/>\n<meta property=\"og:site_name\" content=\"W2050\" \/>\n<meta property=\"article:modified_time\" content=\"2023-06-12T13:14:51+00:00\" \/>\n<meta property=\"og:image\" content=\"https:\/\/w2050-belleplagne.com\/wp-content\/uploads\/sites\/477\/2023\/06\/W2050_ARTPRISM27.jpg\" \/>\n\t<meta property=\"og:image:width\" content=\"1200\" \/>\n\t<meta property=\"og:image:height\" content=\"675\" \/>\n\t<meta property=\"og:image:type\" content=\"image\/jpeg\" \/>\n<meta name=\"twitter:card\" content=\"summary_large_image\" \/>\n<script type=\"application\/ld+json\" class=\"yoast-schema-graph\">{\"@context\":\"https:\/\/schema.org\",\"@graph\":[{\"@type\":\"WebPage\",\"@id\":\"https:\/\/w2050-belleplagne.com\/en\/apartments\/for-4-to-6-people-sauna-and-nordic-bath\/\",\"url\":\"https:\/\/w2050-belleplagne.com\/en\/apartments\/for-4-to-6-people-sauna-and-nordic-bath\/\",\"name\":\"For 4 to 6 people Sauna and Nordic bath - W2050\",\"isPartOf\":{\"@id\":\"https:\/\/w2050-belleplagne.com\/en\/#website\"},\"primaryImageOfPage\":{\"@id\":\"https:\/\/w2050-belleplagne.com\/en\/apartments\/for-4-to-6-people-sauna-and-nordic-bath\/#primaryimage\"},\"image\":{\"@id\":\"https:\/\/w2050-belleplagne.com\/en\/apartments\/for-4-to-6-people-sauna-and-nordic-bath\/#primaryimage\"},\"thumbnailUrl\":\"https:\/\/w2050-belleplagne.com\/wp-content\/uploads\/sites\/477\/2023\/06\/W2050_ARTPRISM27.jpg\",\"datePublished\":\"2022-11-08T12:56:51+00:00\",\"dateModified\":\"2023-06-12T13:14:51+00:00\",\"breadcrumb\":{\"@id\":\"https:\/\/w2050-belleplagne.com\/en\/apartments\/for-4-to-6-people-sauna-and-nordic-bath\/#breadcrumb\"},\"inLanguage\":\"en-US\",\"potentialAction\":[{\"@type\":\"ReadAction\",\"target\":[\"https:\/\/w2050-belleplagne.com\/en\/apartments\/for-4-to-6-people-sauna-and-nordic-bath\/\"]}]},{\"@type\":\"ImageObject\",\"inLanguage\":\"en-US\",\"@id\":\"https:\/\/w2050-belleplagne.com\/en\/apartments\/for-4-to-6-people-sauna-and-nordic-bath\/#primaryimage\",\"url\":\"https:\/\/w2050-belleplagne.com\/wp-content\/uploads\/sites\/477\/2023\/06\/W2050_ARTPRISM27.jpg\",\"contentUrl\":\"https:\/\/w2050-belleplagne.com\/wp-content\/uploads\/sites\/477\/2023\/06\/W2050_ARTPRISM27.jpg\",\"width\":1200,\"height\":675,\"caption\":\"Location haut de gamme Belle Plagne enti\u00e8rement \u00e9quip\u00e9\"},{\"@type\":\"BreadcrumbList\",\"@id\":\"https:\/\/w2050-belleplagne.com\/en\/apartments\/for-4-to-6-people-sauna-and-nordic-bath\/#breadcrumb\",\"itemListElement\":[{\"@type\":\"ListItem\",\"position\":1,\"name\":\"Accueil\",\"item\":\"https:\/\/w2050-belleplagne.com\/en\/\"},{\"@type\":\"ListItem\",\"position\":2,\"name\":\"Apartments\",\"item\":\"https:\/\/w2050-belleplagne.com\/en\/apartments\/\"},{\"@type\":\"ListItem\",\"position\":3,\"name\":\"For 4 to 6 people Sauna and Nordic bath\"}]},{\"@type\":\"WebSite\",\"@id\":\"https:\/\/w2050-belleplagne.com\/en\/#website\",\"url\":\"https:\/\/w2050-belleplagne.com\/en\/\",\"name\":\"W2050\",\"description\":\"Un site utilisant ms.decms.eu\",\"potentialAction\":[{\"@type\":\"SearchAction\",\"target\":{\"@type\":\"EntryPoint\",\"urlTemplate\":\"https:\/\/w2050-belleplagne.com\/en\/?s={search_term_string}\"},\"query-input\":{\"@type\":\"PropertyValueSpecification\",\"valueRequired\":true,\"valueName\":\"search_term_string\"}}],\"inLanguage\":\"en-US\"}]}<\/script>\n<!-- \/ Yoast SEO plugin. -->","yoast_head_json":{"title":"For 4 to 6 people Sauna and Nordic bath - W2050","robots":{"index":"index","follow":"follow","max-snippet":"max-snippet:-1","max-image-preview":"max-image-preview:large","max-video-preview":"max-video-preview:-1"},"canonical":"https:\/\/w2050-belleplagne.com\/en\/apartments\/for-4-to-6-people-sauna-and-nordic-bath\/","og_locale":"en_US","og_type":"article","og_title":"For 4 to 6 people Sauna and Nordic bath - W2050","og_url":"https:\/\/w2050-belleplagne.com\/en\/apartments\/for-4-to-6-people-sauna-and-nordic-bath\/","og_site_name":"W2050","article_modified_time":"2023-06-12T13:14:51+00:00","og_image":[{"width":1200,"height":675,"url":"https:\/\/w2050-belleplagne.com\/wp-content\/uploads\/sites\/477\/2023\/06\/W2050_ARTPRISM27.jpg","type":"image\/jpeg"}],"twitter_card":"summary_large_image","schema":{"@context":"https:\/\/schema.org","@graph":[{"@type":"WebPage","@id":"https:\/\/w2050-belleplagne.com\/en\/apartments\/for-4-to-6-people-sauna-and-nordic-bath\/","url":"https:\/\/w2050-belleplagne.com\/en\/apartments\/for-4-to-6-people-sauna-and-nordic-bath\/","name":"For 4 to 6 people Sauna and Nordic bath - W2050","isPartOf":{"@id":"https:\/\/w2050-belleplagne.com\/en\/#website"},"primaryImageOfPage":{"@id":"https:\/\/w2050-belleplagne.com\/en\/apartments\/for-4-to-6-people-sauna-and-nordic-bath\/#primaryimage"},"image":{"@id":"https:\/\/w2050-belleplagne.com\/en\/apartments\/for-4-to-6-people-sauna-and-nordic-bath\/#primaryimage"},"thumbnailUrl":"https:\/\/w2050-belleplagne.com\/wp-content\/uploads\/sites\/477\/2023\/06\/W2050_ARTPRISM27.jpg","datePublished":"2022-11-08T12:56:51+00:00","dateModified":"2023-06-12T13:14:51+00:00","breadcrumb":{"@id":"https:\/\/w2050-belleplagne.com\/en\/apartments\/for-4-to-6-people-sauna-and-nordic-bath\/#breadcrumb"},"inLanguage":"en-US","potentialAction":[{"@type":"ReadAction","target":["https:\/\/w2050-belleplagne.com\/en\/apartments\/for-4-to-6-people-sauna-and-nordic-bath\/"]}]},{"@type":"ImageObject","inLanguage":"en-US","@id":"https:\/\/w2050-belleplagne.com\/en\/apartments\/for-4-to-6-people-sauna-and-nordic-bath\/#primaryimage","url":"https:\/\/w2050-belleplagne.com\/wp-content\/uploads\/sites\/477\/2023\/06\/W2050_ARTPRISM27.jpg","contentUrl":"https:\/\/w2050-belleplagne.com\/wp-content\/uploads\/sites\/477\/2023\/06\/W2050_ARTPRISM27.jpg","width":1200,"height":675,"caption":"Location haut de gamme Belle Plagne enti\u00e8rement \u00e9quip\u00e9"},{"@type":"BreadcrumbList","@id":"https:\/\/w2050-belleplagne.com\/en\/apartments\/for-4-to-6-people-sauna-and-nordic-bath\/#breadcrumb","itemListElement":[{"@type":"ListItem","position":1,"name":"Accueil","item":"https:\/\/w2050-belleplagne.com\/en\/"},{"@type":"ListItem","position":2,"name":"Apartments","item":"https:\/\/w2050-belleplagne.com\/en\/apartments\/"},{"@type":"ListItem","position":3,"name":"For 4 to 6 people Sauna and Nordic bath"}]},{"@type":"WebSite","@id":"https:\/\/w2050-belleplagne.com\/en\/#website","url":"https:\/\/w2050-belleplagne.com\/en\/","name":"W2050","description":"Un site utilisant ms.decms.eu","potentialAction":[{"@type":"SearchAction","target":{"@type":"EntryPoint","urlTemplate":"https:\/\/w2050-belleplagne.com\/en\/?s={search_term_string}"},"query-input":{"@type":"PropertyValueSpecification","valueRequired":true,"valueName":"search_term_string"}}],"inLanguage":"en-US"}]}},"acf":[],"_links":{"self":[{"href":"https:\/\/w2050-belleplagne.com\/en\/wp-json\/wp\/v2\/pages\/118","targetHints":{"allow":["GET"]}}],"collection":[{"href":"https:\/\/w2050-belleplagne.com\/en\/wp-json\/wp\/v2\/pages"}],"about":[{"href":"https:\/\/w2050-belleplagne.com\/en\/wp-json\/wp\/v2\/types\/page"}],"author":[{"embeddable":true,"href":"https:\/\/w2050-belleplagne.com\/en\/wp-json\/wp\/v2\/users\/15"}],"replies":[{"embeddable":true,"href":"https:\/\/w2050-belleplagne.com\/en\/wp-json\/wp\/v2\/comments?post=118"}],"version-history":[{"count":0,"href":"https:\/\/w2050-belleplagne.com\/en\/wp-json\/wp\/v2\/pages\/118\/revisions"}],"up":[{"embeddable":true,"href":"https:\/\/w2050-belleplagne.com\/en\/wp-json\/wp\/v2\/pages\/116"}],"wp:featuredmedia":[{"embeddable":true,"href":"https:\/\/w2050-belleplagne.com\/en\/wp-json\/wp\/v2\/media\/183"}],"wp:attachment":[{"href":"https:\/\/w2050-belleplagne.com\/en\/wp-json\/wp\/v2\/media?parent=118"}],"curies":[{"name":"wp","href":"https:\/\/api.w.org\/{rel}","templated":true}]}}