{"id":129,"date":"2022-11-08T14:40:13","date_gmt":"2022-11-08T13:40:13","guid":{"rendered":"https:\/\/w2050-belleplagne.com\/?page_id=129"},"modified":"2022-11-08T14:40:13","modified_gmt":"2022-11-08T13:40:13","slug":"legal-notice","status":"publish","type":"page","link":"https:\/\/w2050-belleplagne.com\/en\/legal-notice\/","title":{"rendered":"Legal notice"},"content":{"rendered":"<p>Owner<br \/>\nCompany: SAS Altitude 2050<br \/>\nAddress: R\u00e9sidence Cassiop\u00e9e, Belle Plagne 73210 LA PLAGNE TARENTAISE<br \/>\nEmail: <a href=\"mailto:contact@chaletcf.fr\">contact@chaletcf.fr<\/a><br \/>\nTrade and Companies Register: Chamb\u00e9ry 903 551 919<br \/>\nShare capital: \u20ac10,000<\/p>\n<p>Website hosting provider: D-Edge<br \/>\nURL: <a href=\"https:\/\/www.d-edge.com\/fr\" target=\"_blank\" rel=\"noopener\">https:\/\/www.d-edge.com\/fr<\/a><br \/>\nDirector of publication: SAS ALTITUDE 2050 &#8211; Founder<\/p>\n<p>Creator of website<br \/>\nCompany: D-EDGE Hospitality Solutions<br \/>\nAddress: 64-66 Rue des Archives, 75003 PARIS<br \/>\nPhone: +33 (0) 1 76 44 04 35<br \/>\nSIRET: 431 513 852 00084<br \/>\nIntra-community VAT number: FR35431513852<br \/>\nLegal form: SASU (single member simplified limited company)<\/p>\n<p>&nbsp;<\/p>\n<p>Photos: royalty-free via Pixabay &amp; photos of the W 2050 residence<\/p>\n","protected":false},"excerpt":{"rendered":"<p>Owner Company: SAS Altitude 2050 Address: R\u00e9sidence Cassiop\u00e9e, Belle Plagne 73210 LA PLAGNE TARENTAISE Email: contact@chaletcf.fr Trade and Companies Register: Chamb\u00e9ry 903 551 919 Share capital: \u20ac10,000 Website hosting provider: D-Edge URL: https:\/\/www.d-edge.com\/fr Director of publication: SAS ALTITUDE 2050 &#8211; Founder Creator of website Company: D-EDGE Hospitality Solutions Address: 64-66 Rue des Archives, 75003 PARIS [&hellip;]<\/p>\n","protected":false},"author":15,"featured_media":0,"parent":0,"menu_order":0,"comment_status":"closed","ping_status":"closed","template":"template-default-3.php","meta":{"footnotes":""},"class_list":["post-129","page","type-page","status-publish","hentry"],"yoast_head":"<!-- This site is optimized with the Yoast SEO plugin v26.9 - https:\/\/yoast.com\/product\/yoast-seo-wordpress\/ -->\n<title>Legal notice - W2050<\/title>\n<meta name=\"description\" content=\"Owner Company: SAS Altitude 2050 Address: R\u00e9sidence Cassiop\u00e9e, Belle Plagne 73210 LA PLAGNE TARENTAISE Email: contact@chaletcf.fr Trade and Companies\" \/>\n<meta name=\"robots\" content=\"index, follow, max-snippet:-1, max-image-preview:large, max-video-preview:-1\" \/>\n<link rel=\"canonical\" href=\"https:\/\/w2050-belleplagne.com\/en\/legal-notice\/\" \/>\n<meta property=\"og:locale\" content=\"en_US\" \/>\n<meta property=\"og:type\" content=\"article\" \/>\n<meta property=\"og:title\" content=\"Legal notice - W2050\" \/>\n<meta property=\"og:description\" content=\"Owner Company: SAS Altitude 2050 Address: R\u00e9sidence Cassiop\u00e9e, Belle Plagne 73210 LA PLAGNE TARENTAISE Email: contact@chaletcf.fr Trade and Companies\" \/>\n<meta property=\"og:url\" content=\"https:\/\/w2050-belleplagne.com\/en\/legal-notice\/\" \/>\n<meta property=\"og:site_name\" content=\"W2050\" \/>\n<meta name=\"twitter:card\" content=\"summary_large_image\" \/>\n<meta name=\"twitter:label1\" content=\"Est. reading time\" \/>\n\t<meta name=\"twitter:data1\" content=\"1 minute\" \/>\n<script type=\"application\/ld+json\" class=\"yoast-schema-graph\">{\"@context\":\"https:\/\/schema.org\",\"@graph\":[{\"@type\":\"WebPage\",\"@id\":\"https:\/\/w2050-belleplagne.com\/en\/legal-notice\/\",\"url\":\"https:\/\/w2050-belleplagne.com\/en\/legal-notice\/\",\"name\":\"Legal notice - W2050\",\"isPartOf\":{\"@id\":\"https:\/\/w2050-belleplagne.com\/en\/#website\"},\"datePublished\":\"2022-11-08T13:40:13+00:00\",\"description\":\"Owner Company: SAS Altitude 2050 Address: R\u00e9sidence Cassiop\u00e9e, Belle Plagne 73210 LA PLAGNE TARENTAISE Email: contact@chaletcf.fr Trade and Companies\",\"breadcrumb\":{\"@id\":\"https:\/\/w2050-belleplagne.com\/en\/legal-notice\/#breadcrumb\"},\"inLanguage\":\"en-US\",\"potentialAction\":[{\"@type\":\"ReadAction\",\"target\":[\"https:\/\/w2050-belleplagne.com\/en\/legal-notice\/\"]}]},{\"@type\":\"BreadcrumbList\",\"@id\":\"https:\/\/w2050-belleplagne.com\/en\/legal-notice\/#breadcrumb\",\"itemListElement\":[{\"@type\":\"ListItem\",\"position\":1,\"name\":\"Accueil\",\"item\":\"https:\/\/w2050-belleplagne.com\/en\/\"},{\"@type\":\"ListItem\",\"position\":2,\"name\":\"Legal notice\"}]},{\"@type\":\"WebSite\",\"@id\":\"https:\/\/w2050-belleplagne.com\/en\/#website\",\"url\":\"https:\/\/w2050-belleplagne.com\/en\/\",\"name\":\"W2050\",\"description\":\"Un site utilisant ms.decms.eu\",\"potentialAction\":[{\"@type\":\"SearchAction\",\"target\":{\"@type\":\"EntryPoint\",\"urlTemplate\":\"https:\/\/w2050-belleplagne.com\/en\/?s={search_term_string}\"},\"query-input\":{\"@type\":\"PropertyValueSpecification\",\"valueRequired\":true,\"valueName\":\"search_term_string\"}}],\"inLanguage\":\"en-US\"}]}<\/script>\n<!-- \/ Yoast SEO plugin. -->","yoast_head_json":{"title":"Legal notice - W2050","description":"Owner Company: SAS Altitude 2050 Address: R\u00e9sidence Cassiop\u00e9e, Belle Plagne 73210 LA PLAGNE TARENTAISE Email: contact@chaletcf.fr Trade and Companies","robots":{"index":"index","follow":"follow","max-snippet":"max-snippet:-1","max-image-preview":"max-image-preview:large","max-video-preview":"max-video-preview:-1"},"canonical":"https:\/\/w2050-belleplagne.com\/en\/legal-notice\/","og_locale":"en_US","og_type":"article","og_title":"Legal notice - W2050","og_description":"Owner Company: SAS Altitude 2050 Address: R\u00e9sidence Cassiop\u00e9e, Belle Plagne 73210 LA PLAGNE TARENTAISE Email: contact@chaletcf.fr Trade and Companies","og_url":"https:\/\/w2050-belleplagne.com\/en\/legal-notice\/","og_site_name":"W2050","twitter_card":"summary_large_image","twitter_misc":{"Est. reading time":"1 minute"},"schema":{"@context":"https:\/\/schema.org","@graph":[{"@type":"WebPage","@id":"https:\/\/w2050-belleplagne.com\/en\/legal-notice\/","url":"https:\/\/w2050-belleplagne.com\/en\/legal-notice\/","name":"Legal notice - W2050","isPartOf":{"@id":"https:\/\/w2050-belleplagne.com\/en\/#website"},"datePublished":"2022-11-08T13:40:13+00:00","description":"Owner Company: SAS Altitude 2050 Address: R\u00e9sidence Cassiop\u00e9e, Belle Plagne 73210 LA PLAGNE TARENTAISE Email: contact@chaletcf.fr Trade and Companies","breadcrumb":{"@id":"https:\/\/w2050-belleplagne.com\/en\/legal-notice\/#breadcrumb"},"inLanguage":"en-US","potentialAction":[{"@type":"ReadAction","target":["https:\/\/w2050-belleplagne.com\/en\/legal-notice\/"]}]},{"@type":"BreadcrumbList","@id":"https:\/\/w2050-belleplagne.com\/en\/legal-notice\/#breadcrumb","itemListElement":[{"@type":"ListItem","position":1,"name":"Accueil","item":"https:\/\/w2050-belleplagne.com\/en\/"},{"@type":"ListItem","position":2,"name":"Legal notice"}]},{"@type":"WebSite","@id":"https:\/\/w2050-belleplagne.com\/en\/#website","url":"https:\/\/w2050-belleplagne.com\/en\/","name":"W2050","description":"Un site utilisant ms.decms.eu","potentialAction":[{"@type":"SearchAction","target":{"@type":"EntryPoint","urlTemplate":"https:\/\/w2050-belleplagne.com\/en\/?s={search_term_string}"},"query-input":{"@type":"PropertyValueSpecification","valueRequired":true,"valueName":"search_term_string"}}],"inLanguage":"en-US"}]}},"acf":[],"_links":{"self":[{"href":"https:\/\/w2050-belleplagne.com\/en\/wp-json\/wp\/v2\/pages\/129","targetHints":{"allow":["GET"]}}],"collection":[{"href":"https:\/\/w2050-belleplagne.com\/en\/wp-json\/wp\/v2\/pages"}],"about":[{"href":"https:\/\/w2050-belleplagne.com\/en\/wp-json\/wp\/v2\/types\/page"}],"author":[{"embeddable":true,"href":"https:\/\/w2050-belleplagne.com\/en\/wp-json\/wp\/v2\/users\/15"}],"replies":[{"embeddable":true,"href":"https:\/\/w2050-belleplagne.com\/en\/wp-json\/wp\/v2\/comments?post=129"}],"version-history":[{"count":0,"href":"https:\/\/w2050-belleplagne.com\/en\/wp-json\/wp\/v2\/pages\/129\/revisions"}],"wp:attachment":[{"href":"https:\/\/w2050-belleplagne.com\/en\/wp-json\/wp\/v2\/media?parent=129"}],"curies":[{"name":"wp","href":"https:\/\/api.w.org\/{rel}","templated":true}]}}